{"id":42,"date":"2015-07-24T22:19:40","date_gmt":"2015-07-24T22:19:40","guid":{"rendered":"http:\/\/www.bcwoodproperties.org\/?page_id=42"},"modified":"2024-05-30T16:52:36","modified_gmt":"2024-05-30T16:52:36","slug":"insurance-certificate-submittal","status":"publish","type":"page","link":"https:\/\/bcwoodproperties.com\/es\/insurance-certificate-submittal\/","title":{"rendered":"Certificado De Seguro De Env\u00edo"},"content":{"rendered":"<div id=\"blog-body\">\n<p>Para los inquilinos que quisieran reducir la cantidad de correo y los costos de papel, seguro de acuerdo certificados necesarios para ser presentado anualmente puede ser enviado por correo electr\u00f3nico a BC Propiedades de la Madera en <a title=\"mailto:MWIL.AssuranceRiskTransfer@marshmma.com\" href=\"mailto:MWIL.AssuranceRiskTransfer@marshmma.com\" target=\"_blank\" rel=\"noopener\" data-outlook-id=\"57b64b2a-f2cb-40c6-8f69-4ceaf0fd9ecc\">MWIL.AssuranceRiskTransfer@marshmma.com<\/a>.<\/p>\n<p>Agradecemos su atenci\u00f3n a este asunto, as\u00ed como su compromiso para apoyar a las pr\u00e1cticas de negocio sustentables.<\/p>\n<p>If you have any questions about submitting your Insurance Certificate please contact Maggie at Mhanrahan@bcwoodproperties.com<\/p>\n<\/div>","protected":false},"excerpt":{"rendered":"<p>For tenants that would like to reduce mail and paper costs, insurance accord certificates required to be submitted annually can be emailed to BC Wood Properties at MWIL.AssuranceRiskTransfer@marshmma.com. We appreciate your attention to this matter, as well as your commitment to supporting sustainable business practices. If you have any questions about submitting your Insurance Certificate [&hellip;]<\/p>","protected":false},"author":1,"featured_media":0,"parent":0,"menu_order":0,"comment_status":"open","ping_status":"open","template":"","meta":{"footnotes":""},"class_list":["post-42","page","type-page","status-publish","hentry","clearfix"],"_links":{"self":[{"href":"https:\/\/bcwoodproperties.com\/es\/wp-json\/wp\/v2\/pages\/42","targetHints":{"allow":["GET"]}}],"collection":[{"href":"https:\/\/bcwoodproperties.com\/es\/wp-json\/wp\/v2\/pages"}],"about":[{"href":"https:\/\/bcwoodproperties.com\/es\/wp-json\/wp\/v2\/types\/page"}],"author":[{"embeddable":true,"href":"https:\/\/bcwoodproperties.com\/es\/wp-json\/wp\/v2\/users\/1"}],"replies":[{"embeddable":true,"href":"https:\/\/bcwoodproperties.com\/es\/wp-json\/wp\/v2\/comments?post=42"}],"version-history":[{"count":9,"href":"https:\/\/bcwoodproperties.com\/es\/wp-json\/wp\/v2\/pages\/42\/revisions"}],"predecessor-version":[{"id":3440,"href":"https:\/\/bcwoodproperties.com\/es\/wp-json\/wp\/v2\/pages\/42\/revisions\/3440"}],"wp:attachment":[{"href":"https:\/\/bcwoodproperties.com\/es\/wp-json\/wp\/v2\/media?parent=42"}],"curies":[{"name":"wp","href":"https:\/\/api.w.org\/{rel}","templated":true}]}}