{"id":3306,"date":"2023-06-29T19:56:27","date_gmt":"2023-06-29T19:56:27","guid":{"rendered":"https:\/\/bcwoodproperties.com\/?page_id=3306"},"modified":"2023-06-29T19:56:27","modified_gmt":"2023-06-29T19:56:27","slug":"ach-enrollment","status":"publish","type":"page","link":"https:\/\/bcwoodproperties.com\/es\/tenant-services\/ach-enrollment\/","title":{"rendered":"ACH Inscripci\u00f3n"},"content":{"rendered":"<p>BC Propiedades de la Madera est\u00e1 ahora ofreciendo a nuestros inquilinos la opci\u00f3n de opt-in para el pago de alquiler de ACH. Ahora podemos configurar el alquiler mensual el pago se debita autom\u00e1ticamente de su cuenta bancaria.<\/p>\n<div class=\"page\" title=\"P\u00e1gina 1\">\n<div class=\"layoutArea\">\n<div class=\"column\">\n<p>&nbsp;<\/p>\n<\/div>\n<\/div>\n<div class=\"layoutArea\">\n<div class=\"column\">\n<p>Abajo est\u00e1 la ACH formulario con la informaci\u00f3n necesaria para establecer un sistema autom\u00e1tico de pago de su alquiler y otros gastos.<\/p>\n<p>&nbsp;<\/p>\n<\/div>\n<\/div>\n<div class=\"layoutArea\">\n<div class=\"column\">\n<p>Su cuenta debe estar al d\u00eda para poder inscribirse en este programa. La inscripci\u00f3n comenzar\u00e1 15 d\u00edas despu\u00e9s de recibido el formulario. Por favor, contin\u00fae para enviar cheques hasta ese momento.<\/p>\n<p>Por favor, p\u00f3ngase en contacto hsmall@bcwoodproperties.com con cualquier pregunta<\/p>\n<\/div>\n<\/div>\n<\/div>\n<p><script type=\"text\/javascript\" src=\"https:\/\/bcwood.formstack.com\/forms\/js.php\/ach_form\"><\/script><noscript><a href=\"https:\/\/bcwood.formstack.com\/forms\/ach_form\" title=\"Online Form\">Online Form &#8211; ACH form<\/a><\/noscript><\/p>\n<div style=\"text-align: right; font-size: x-small;\"><a title=\"Powered by Formstack\" href=\"http:\/\/www.formstack.com?utm_source=jsembed&amp;utm_medium=product&amp;utm_campaign=product+branding&amp;fa=h,5349161\">Powered by Formstack<\/a><\/div>","protected":false},"excerpt":{"rendered":"<p>BC Wood Properties is now offering our tenants the option to opt-in for ACH rent payment. We can now set up your monthly rent payment to be automatically debited from your bank account. &nbsp; Below is the ACH form with the information needed to set up an automatic payment of your rent and other expenses. [&hellip;]<\/p>","protected":false},"author":3,"featured_media":0,"parent":1877,"menu_order":0,"comment_status":"closed","ping_status":"closed","template":"","meta":{"footnotes":""},"class_list":["post-3306","page","type-page","status-publish","hentry","clearfix"],"_links":{"self":[{"href":"https:\/\/bcwoodproperties.com\/es\/wp-json\/wp\/v2\/pages\/3306","targetHints":{"allow":["GET"]}}],"collection":[{"href":"https:\/\/bcwoodproperties.com\/es\/wp-json\/wp\/v2\/pages"}],"about":[{"href":"https:\/\/bcwoodproperties.com\/es\/wp-json\/wp\/v2\/types\/page"}],"author":[{"embeddable":true,"href":"https:\/\/bcwoodproperties.com\/es\/wp-json\/wp\/v2\/users\/3"}],"replies":[{"embeddable":true,"href":"https:\/\/bcwoodproperties.com\/es\/wp-json\/wp\/v2\/comments?post=3306"}],"version-history":[{"count":10,"href":"https:\/\/bcwoodproperties.com\/es\/wp-json\/wp\/v2\/pages\/3306\/revisions"}],"predecessor-version":[{"id":3317,"href":"https:\/\/bcwoodproperties.com\/es\/wp-json\/wp\/v2\/pages\/3306\/revisions\/3317"}],"up":[{"embeddable":true,"href":"https:\/\/bcwoodproperties.com\/es\/wp-json\/wp\/v2\/pages\/1877"}],"wp:attachment":[{"href":"https:\/\/bcwoodproperties.com\/es\/wp-json\/wp\/v2\/media?parent=3306"}],"curies":[{"name":"wp","href":"https:\/\/api.w.org\/{rel}","templated":true}]}}