{"id":1934,"date":"2018-01-02T18:07:39","date_gmt":"2018-01-02T18:07:39","guid":{"rendered":"http:\/\/oslexky.com\/bcwood\/wp\/?page_id=1934"},"modified":"2025-06-04T14:33:39","modified_gmt":"2025-06-04T14:33:39","slug":"insurance-certificate-submittal","status":"publish","type":"page","link":"https:\/\/bcwoodproperties.com\/es\/tenant-services\/insurance-certificate-submittal\/","title":{"rendered":"Certificado De Seguro De Env\u00edo"},"content":{"rendered":"<p>Para los inquilinos que quisieran reducir la cantidad de correo y los costos de papel, seguro de acuerdo certificados necesarios para ser presentado anualmente puede ser enviado por correo electr\u00f3nico a BC Propiedades de la Madera en <a title=\"mailto:MWIL.AssuranceRiskTransfer@marshmma.com\" href=\"mailto:MWIL.AssuranceRiskTransfer@marshmma.com\" target=\"_blank\" rel=\"noopener\" data-outlook-id=\"57b64b2a-f2cb-40c6-8f69-4ceaf0fd9ecc\">MWIL.AssuranceRiskTransfer@marshmma.com<\/a>.<\/p>\n<p>Agradecemos su atenci\u00f3n a este asunto, as\u00ed como su compromiso para apoyar a las pr\u00e1cticas de negocio sustentables.<\/p>\n<p>Please contact Shannon at <a href=\"mailto:sdobbs@bcwoodproperties.com\">sdobbs@bcwoodproperties.com<\/a> con cualquier pregunta con respecto a la presentaci\u00f3n de su Certificado de Seguro.<\/p>\n<p>&nbsp;<\/p>","protected":false},"excerpt":{"rendered":"<p>For tenants that would like to reduce mail and paper costs, insurance accord certificates required to be submitted annually can be emailed to BC Wood Properties at MWIL.AssuranceRiskTransfer@marshmma.com. We appreciate your attention to this matter, as well as your commitment to supporting sustainable business practices. Please contact Shannon at sdobbs@bcwoodproperties.com with any questions regarding submitting [&hellip;]<\/p>","protected":false},"author":1,"featured_media":0,"parent":1877,"menu_order":0,"comment_status":"closed","ping_status":"closed","template":"","meta":{"footnotes":""},"class_list":["post-1934","page","type-page","status-publish","hentry","clearfix"],"_links":{"self":[{"href":"https:\/\/bcwoodproperties.com\/es\/wp-json\/wp\/v2\/pages\/1934","targetHints":{"allow":["GET"]}}],"collection":[{"href":"https:\/\/bcwoodproperties.com\/es\/wp-json\/wp\/v2\/pages"}],"about":[{"href":"https:\/\/bcwoodproperties.com\/es\/wp-json\/wp\/v2\/types\/page"}],"author":[{"embeddable":true,"href":"https:\/\/bcwoodproperties.com\/es\/wp-json\/wp\/v2\/users\/1"}],"replies":[{"embeddable":true,"href":"https:\/\/bcwoodproperties.com\/es\/wp-json\/wp\/v2\/comments?post=1934"}],"version-history":[{"count":5,"href":"https:\/\/bcwoodproperties.com\/es\/wp-json\/wp\/v2\/pages\/1934\/revisions"}],"predecessor-version":[{"id":3585,"href":"https:\/\/bcwoodproperties.com\/es\/wp-json\/wp\/v2\/pages\/1934\/revisions\/3585"}],"up":[{"embeddable":true,"href":"https:\/\/bcwoodproperties.com\/es\/wp-json\/wp\/v2\/pages\/1877"}],"wp:attachment":[{"href":"https:\/\/bcwoodproperties.com\/es\/wp-json\/wp\/v2\/media?parent=1934"}],"curies":[{"name":"wp","href":"https:\/\/api.w.org\/{rel}","templated":true}]}}