{"id":1910,"date":"2017-11-10T14:16:37","date_gmt":"2017-11-10T14:16:37","guid":{"rendered":"http:\/\/oslexky.com\/bcwood\/wp\/?page_id=1910"},"modified":"2020-06-05T15:14:08","modified_gmt":"2020-06-05T15:14:08","slug":"careers","status":"publish","type":"page","link":"https:\/\/bcwoodproperties.com\/es\/about\/careers\/","title":{"rendered":"Carreras"},"content":{"rendered":"<p><b>\u201cAt BC Wood, we invest in properties. But, we also invest in people. Our people. Our team. We work hard together and create lasting relationships as we build a great business. (And, we have a great time doing it.)\u201d<\/b><\/p>\n<p>We\u2019re looking for innovative, engaging, positive professionals who know retail real estate and who want more out of work than just an excellent paycheck. We offer competitive compensation and benefits packages as well as the chance to grow and learn with one of the best retail real estate teams in the industry.<\/p>\n<p><b>Join our team<\/b><\/p>\n<p>Como una empresa en crecimiento, nos publicar las posiciones a medida que est\u00e9n disponibles. Por favor visite peri\u00f3dicamente para el seguimiento de nuevas aperturas.<br \/>\nTo apply for a job, please submit the form below with a cover letter in the comments section, including salary history and where you saw this position posted. Or submit your resume\u2019 in MS Word or PDF format to <a title=\"Resume Submission via Email\" href=\"mailto:jobs@bcwoodproperties.com\">jobs@bcwoodproperties.com<\/a>.<\/p>\n<p>Nota: S\u00f3lo los candidatos bajo consideraci\u00f3n ser\u00e1n contactados. No hay llamadas telef\u00f3nicas, por favor.<\/p>\n<p><script type=\"text\/javascript\" src=\"https:\/\/bcwood.formstack.com\/forms\/js.php\/careers\"><\/script><\/p>\n<h2>No current openings.<\/h2>","protected":false},"excerpt":{"rendered":"<p>\u201cAt BC Wood, we invest in properties. But, we also invest in people. Our people. Our team. We work hard together and create lasting relationships as we build a great business. (And, we have a great time doing it.)\u201d We\u2019re looking for innovative, engaging, positive professionals who know retail real estate and who want more [&hellip;]<\/p>","protected":false},"author":1,"featured_media":0,"parent":1823,"menu_order":0,"comment_status":"closed","ping_status":"closed","template":"","meta":{"footnotes":""},"class_list":["post-1910","page","type-page","status-publish","hentry","clearfix"],"_links":{"self":[{"href":"https:\/\/bcwoodproperties.com\/es\/wp-json\/wp\/v2\/pages\/1910","targetHints":{"allow":["GET"]}}],"collection":[{"href":"https:\/\/bcwoodproperties.com\/es\/wp-json\/wp\/v2\/pages"}],"about":[{"href":"https:\/\/bcwoodproperties.com\/es\/wp-json\/wp\/v2\/types\/page"}],"author":[{"embeddable":true,"href":"https:\/\/bcwoodproperties.com\/es\/wp-json\/wp\/v2\/users\/1"}],"replies":[{"embeddable":true,"href":"https:\/\/bcwoodproperties.com\/es\/wp-json\/wp\/v2\/comments?post=1910"}],"version-history":[{"count":1,"href":"https:\/\/bcwoodproperties.com\/es\/wp-json\/wp\/v2\/pages\/1910\/revisions"}],"predecessor-version":[{"id":2530,"href":"https:\/\/bcwoodproperties.com\/es\/wp-json\/wp\/v2\/pages\/1910\/revisions\/2530"}],"up":[{"embeddable":true,"href":"https:\/\/bcwoodproperties.com\/es\/wp-json\/wp\/v2\/pages\/1823"}],"wp:attachment":[{"href":"https:\/\/bcwoodproperties.com\/es\/wp-json\/wp\/v2\/media?parent=1910"}],"curies":[{"name":"wp","href":"https:\/\/api.w.org\/{rel}","templated":true}]}}