{"id":1836,"date":"2017-11-09T16:05:29","date_gmt":"2017-11-09T16:05:29","guid":{"rendered":"http:\/\/oslexky.com\/bcwood\/wp\/?page_id=1836"},"modified":"2026-03-09T19:00:19","modified_gmt":"2026-03-09T19:00:19","slug":"leadership","status":"publish","type":"page","link":"https:\/\/bcwoodproperties.com\/es\/about\/leadership\/","title":{"rendered":"Liderazgo"},"content":{"rendered":"<div class=\"staff\">\r\n<a href=\"https:\/\/bcwoodproperties.com\/es\/about\/leadership\/brian-c-wood\/\">\r\n<img decoding=\"async\" src=\"https:\/\/bcwoodproperties.com\/wp-content\/uploads\/2025\/04\/Brian-square-scaled.jpg\" alt=\"Brian C. Wood, Founder and Chief Executive Officer\"\/>\r\n<span class=\"staff_name\">Brian C. Wood<\/span><br>\r\n<span class=\"staff_title\">Founder and Chief Executive Officer<\/span>\t\r\n<\/a><\/div><!--staff-->\n<div class=\"staff\">\r\n<a href=\"https:\/\/bcwoodproperties.com\/es\/about\/leadership\/william-n-offutt-v\/\">\r\n<img decoding=\"async\" src=\"https:\/\/bcwoodproperties.com\/wp-content\/uploads\/2018\/01\/king-second_v2.jpg\" alt=\"William N. Offutt, V, President and Chief Operating Officer\"\/>\r\n<span class=\"staff_name\">William N. Offutt, V<\/span><br>\r\n<span class=\"staff_title\">President and Chief Operating Officer<\/span>\t\r\n<\/a><\/div><!--staff-->\n<div class=\"staff\">\r\n<a href=\"https:\/\/bcwoodproperties.com\/es\/about\/leadership\/mark-a-del-cotto\/\">\r\n<img decoding=\"async\" src=\"https:\/\/bcwoodproperties.com\/wp-content\/uploads\/2025\/04\/Mark-square-scaled.jpg\" alt=\"Mark A. Del Cotto, Chief Investment Officer\"\/>\r\n<span class=\"staff_name\">Mark A. Del Cotto<\/span><br>\r\n<span class=\"staff_title\">Chief Investment Officer<\/span>\t\r\n<\/a><\/div><!--staff-->\n<div class=\"staff\">\r\n<a href=\"https:\/\/bcwoodproperties.com\/es\/about\/leadership\/julie-a-gill\/\">\r\n<img decoding=\"async\" src=\"https:\/\/bcwoodproperties.com\/wp-content\/uploads\/2020\/07\/Julie_website.png\" alt=\"Julie A. Gill, Chief Accounting Officer\"\/>\r\n<span class=\"staff_name\">Julie A. Gill<\/span><br>\r\n<span class=\"staff_title\">Chief Accounting Officer<\/span>\t\r\n<\/a><\/div><!--staff-->\n<div class=\"staff\">\r\n<a href=\"https:\/\/bcwoodproperties.com\/es\/about\/leadership\/brandi-norwood\/\">\r\n<img decoding=\"async\" src=\"https:\/\/bcwoodproperties.com\/wp-content\/uploads\/2018\/03\/Brandi-Headshot-Square.jpg\" alt=\"Brandi Norwood, Executive Vice President of Real Estate\"\/>\r\n<span class=\"staff_name\">Brandi Norwood<\/span><br>\r\n<span class=\"staff_title\">Executive Vice President of Real Estate<\/span>\t\r\n<\/a><\/div><!--staff-->\n<div class=\"staff\">\r\n<a href=\"https:\/\/bcwoodproperties.com\/es\/about\/leadership\/lee-cowden\/\">\r\n<img decoding=\"async\" src=\"https:\/\/bcwoodproperties.com\/wp-content\/uploads\/2021\/12\/2019-Head-Shot-scaled-e1639514274261.jpg\" alt=\"Lee R. Cowden, Senior Vice President of Operations\"\/>\r\n<span class=\"staff_name\">Lee R. Cowden<\/span><br>\r\n<span class=\"staff_title\">Senior Vice President of Operations<\/span>\t\r\n<\/a><\/div><!--staff-->\n<div class=\"staff\">\r\n<a href=\"https:\/\/bcwoodproperties.com\/es\/about\/leadership\/trevor-marshall\/\">\r\n<img decoding=\"async\" src=\"https:\/\/bcwoodproperties.com\/wp-content\/uploads\/2025\/04\/Trevor-square-scaled.jpg\" alt=\"Trevor J. Marshall, Vice President of Investments\"\/>\r\n<span class=\"staff_name\">Trevor J. Marshall<\/span><br>\r\n<span class=\"staff_title\">Vice President of Investments<\/span>\t\r\n<\/a><\/div><!--staff-->\n<div class=\"staff\">\r\n<a href=\"https:\/\/bcwoodproperties.com\/es\/about\/leadership\/destiny-wenning-2\/\">\r\n<img decoding=\"async\" src=\"https:\/\/bcwoodproperties.com\/wp-content\/uploads\/2018\/03\/Destiny-square-scaled.jpg\" alt=\"Destiny Wenning, In-House Counsel\"\/>\r\n<span class=\"staff_name\">Destiny Wenning<\/span><br>\r\n<span class=\"staff_title\">In-House Counsel<\/span>\t\r\n<\/a><\/div><!--staff-->\n<div class=\"staff\">\r\n<a href=\"https:\/\/bcwoodproperties.com\/es\/about\/leadership\/hunter-porter\/\">\r\n<img decoding=\"async\" src=\"https:\/\/bcwoodproperties.com\/wp-content\/uploads\/2018\/03\/Hunter-pic-he-likes-square-.png\" alt=\"Hunter Porter, Vice President of Leasing\"\/>\r\n<span class=\"staff_name\">Hunter Porter<\/span><br>\r\n<span class=\"staff_title\">Vice President of Leasing<\/span>\t\r\n<\/a><\/div><!--staff-->\n\n\t\t\t<!-- START Team page REVOLUTION SLIDER 6.7.13 --><p class=\"rs-p-wp-fix\"><\/p>\n\t\t\t<rs-module-wrap id=\"rev_slider_79_1_wrapper\" data-source=\"gallery\" style=\"visibility:hidden;background:transparent;padding:0;margin:0px auto;margin-top:0;margin-bottom:0;\">\n\t\t\t\t<rs-module id=\"rev_slider_79_1\" style=\"\" data-version=\"6.7.13\">\n\t\t\t\t\t<rs-slides style=\"overflow: hidden; position: absolute;\">\n\t\t\t\t\t\t<rs-slide style=\"position: absolute;\" data-key=\"rs-189\" data-title=\"Slide\" data-anim=\"ms:10;\" data-in=\"o:1;\" data-out=\"a:false;\">\n\t\t\t\t\t\t\t<img decoding=\"async\" src=\"\/\/bcwoodproperties.com\/wp-content\/plugins\/revslider\/sr6\/assets\/assets\/dummy.png\" alt=\"Slide\" title=\"Liderazgo\" class=\"rev-slidebg tp-rs-img rs-lazyload\" data-lazyload=\"\/\/bcwoodproperties.com\/wp-content\/plugins\/revslider\/sr6\/assets\/assets\/transparent.png\" data-bg=\"c:rgba(142,122,96,0.19);\" data-parallax=\"off\" data-no-retina>\n<!--\n\t\t\t\t\t\t\t--><rs-layer\n\t\t\t\t\t\t\t\tid=\"slider-79-slide-189-layer-1\" \n\t\t\t\t\t\t\t\tdata-type=\"text\"\n\t\t\t\t\t\t\t\tdata-color=\"#000000\"\n\t\t\t\t\t\t\t\tdata-rsp_ch=\"on\"\n\t\t\t\t\t\t\t\tdata-xy=\"x:c;xo:-2px,-2px,-1px,0;yo:206px,210px,159px,166px;\"\n\t\t\t\t\t\t\t\tdata-text=\"w:normal;s:16,16,13,12;l:30,30,25,25;ls:2,2,1,0;\"\n\t\t\t\t\t\t\t\tdata-dim=\"w:997px,1020px,774px,474px;h:auto,auto,201px,246px;minh:0px,none,none,none;\"\n\t\t\t\t\t\t\t\tdata-frame_999=\"o:0;st:w;\"\n\t\t\t\t\t\t\t\tstyle=\"z-index:7;font-family:'Montserrat';\"\n\t\t\t\t\t\t\t>BC Wood Properties was founded by Lexington native Brian Wood on a simple but powerful premise: Investing in shopping centers that serve middle-class America is not only good for community development, but it\u2019s also good business.<br \/>\n<br \/>\nSince 1994, Brian has pulled together an exceptional team to bring this vision to life: attorneys, accountants, leasing managers, acquisitions and dispositions managers, marketing managers, property managers, and on-site maintenance crews\u2026 Together, we\u2019ve transformed over 6 million square feet of under-utilized retail real estate into profitable investments. \n\t\t\t\t\t\t\t<\/rs-layer><!--\n\n\t\t\t\t\t\t\t--><rs-layer\n\t\t\t\t\t\t\t\tid=\"slider-79-slide-189-layer-3\" \n\t\t\t\t\t\t\t\tdata-type=\"text\"\n\t\t\t\t\t\t\t\tdata-color=\"#000000\"\n\t\t\t\t\t\t\t\tdata-rsp_ch=\"on\"\n\t\t\t\t\t\t\t\tdata-xy=\"x:c;xo:-2px,-2px,-1px,1px;yo:63px,64px,48px,37px;\"\n\t\t\t\t\t\t\t\tdata-text=\"w:normal;s:18,18,17,12;l:30,30,25,25;ls:1,1,0,0;fw:500;\"\n\t\t\t\t\t\t\t\tdata-dim=\"w:997px,1020px,774px,477px;h:auto,auto,auto,103px;minh:0px,none,none,none;\"\n\t\t\t\t\t\t\t\tdata-frame_999=\"o:0;st:w;\"\n\t\t\t\t\t\t\t\tstyle=\"z-index:8;font-family:'Montserrat';\"\n\t\t\t\t\t\t\t>&#034;Nuestro equipo est\u00e1 compuesto de l\u00edderes innovadores con antecedentes comprobados de \u00e9xito y un crecimiento de la cartera de propiedades. Como nuestra cartera, que nuestro equipo ha crecido de manera org\u00e1nica a trav\u00e9s de enfoque, el trabajo duro y el compromiso con valores&#034;. \n\t\t\t\t\t\t\t<\/rs-layer><!--\n-->\t\t\t\t\t<\/rs-slide>\n\t\t\t\t\t<\/rs-slides>\n\t\t\t\t<\/rs-module>\n\t\t\t\t<script>\n\t\t\t\t\tsetREVStartSize({c: 'rev_slider_79_1',rl:[1240,1024,778,480],el:[500,500,400,450],gw:[1000,1024,778,480],gh:[500,500,400,450],type:'hero',justify:'',layout:'fullwidth',mh:\"0\"});if (window.RS_MODULES!==undefined && window.RS_MODULES.modules!==undefined && window.RS_MODULES.modules[\"revslider791\"]!==undefined) {window.RS_MODULES.modules[\"revslider791\"].once = false;window.revapi79 = undefined;if (window.RS_MODULES.checkMinimal!==undefined) window.RS_MODULES.checkMinimal()}\n\t\t\t\t<\/script>\n\t\t\t<\/rs-module-wrap>\n\t\t\t<!-- END REVOLUTION SLIDER -->\n\n<p>&nbsp;<\/p>","protected":false},"excerpt":{"rendered":"<p>&nbsp;<\/p>","protected":false},"author":1,"featured_media":0,"parent":1823,"menu_order":0,"comment_status":"closed","ping_status":"closed","template":"","meta":{"footnotes":""},"class_list":["post-1836","page","type-page","status-publish","hentry","clearfix"],"_links":{"self":[{"href":"https:\/\/bcwoodproperties.com\/es\/wp-json\/wp\/v2\/pages\/1836","targetHints":{"allow":["GET"]}}],"collection":[{"href":"https:\/\/bcwoodproperties.com\/es\/wp-json\/wp\/v2\/pages"}],"about":[{"href":"https:\/\/bcwoodproperties.com\/es\/wp-json\/wp\/v2\/types\/page"}],"author":[{"embeddable":true,"href":"https:\/\/bcwoodproperties.com\/es\/wp-json\/wp\/v2\/users\/1"}],"replies":[{"embeddable":true,"href":"https:\/\/bcwoodproperties.com\/es\/wp-json\/wp\/v2\/comments?post=1836"}],"version-history":[{"count":39,"href":"https:\/\/bcwoodproperties.com\/es\/wp-json\/wp\/v2\/pages\/1836\/revisions"}],"predecessor-version":[{"id":3676,"href":"https:\/\/bcwoodproperties.com\/es\/wp-json\/wp\/v2\/pages\/1836\/revisions\/3676"}],"up":[{"embeddable":true,"href":"https:\/\/bcwoodproperties.com\/es\/wp-json\/wp\/v2\/pages\/1823"}],"wp:attachment":[{"href":"https:\/\/bcwoodproperties.com\/es\/wp-json\/wp\/v2\/media?parent=1836"}],"curies":[{"name":"wp","href":"https:\/\/api.w.org\/{rel}","templated":true}]}}